{"id":100099,"date":"2025-05-28T18:42:32","date_gmt":"2025-05-28T18:42:32","guid":{"rendered":"https:\/\/market.exit-ly.com\/add-listing-2\/"},"modified":"2025-10-08T20:41:21","modified_gmt":"2025-10-08T20:41:21","slug":"add-listing-2","status":"publish","type":"page","link":"https:\/\/flexible-scarlet-mule.92-205-185-16.cpanel.site\/market\/add-listing-2\/","title":{"rendered":"Add Listing"},"content":{"rendered":"<p>[et_pb_section fb_built=&#8221;1&#8243; admin_label=&#8221;section&#8221; _builder_version=&#8221;4.27.4&#8243; background_color=&#8221;#151515&#8243; global_colors_info=&#8221;{}&#8221;][et_pb_row admin_label=&#8221;row&#8221; _builder_version=&#8221;4.16&#8243; background_size=&#8221;initial&#8221; background_position=&#8221;top_left&#8221; background_repeat=&#8221;repeat&#8221; global_colors_info=&#8221;{}&#8221;][et_pb_column type=&#8221;4_4&#8243; _builder_version=&#8221;4.16&#8243; custom_padding=&#8221;|||&#8221; global_colors_info=&#8221;{}&#8221; custom_padding__hover=&#8221;|||&#8221;][et_pb_text admin_label=&#8221;Text&#8221; _builder_version=&#8221;4.27.4&#8243; background_size=&#8221;initial&#8221; background_position=&#8221;top_left&#8221; background_repeat=&#8221;repeat&#8221; display_conditions=&#8221;W3siaWQiOiIyYWZmNjgyMS02NzhmLTQ3NzItYTlhNS0xYWViYWUzYWFjYWMiLCJjb25kaXRpb24iOiJ1c2VyUm9sZSIsImNvbmRpdGlvblNldHRpbmdzIjp7ImRpc3BsYXlSdWxlIjoiaXMiLCJ1c2VyUm9sZXMiOlt7ImxhYmVsIjoiQWRtaW5pc3RyYXRvciIsInZhbHVlIjoiYWRtaW5pc3RyYXRvciJ9LHsibGFiZWwiOiJFZGl0b3IiLCJ2YWx1ZSI6ImVkaXRvciJ9LHsibGFiZWwiOiJzZWxsZXIiLCJ2YWx1ZSI6InNlbGxlciJ9XSwidXNlcklkcyI6IlVzZXIgSURzIHNlcGFyYXRlZCBieSBjb21tYXMiLCJhZG1pbkxhYmVsIjoiVXNlciBSb2xlIiwiZW5hYmxlQ29uZGl0aW9uIjoib24ifSwib3BlcmF0b3IiOiJPUiJ9XQ==&#8221; global_colors_info=&#8221;{}&#8221;]<\/p>\n                <section class=\"directory_wrapper single_area\">\n                                <div class=\"notice_wrapper\">\n                <div class=\"directorist-alert directorist-alert-warning\"><i class=\"directorist-icon-mask\" aria-hidden=\"true\" style=\"--directorist-icon: url(https:\/\/flexible-scarlet-mule.92-205-185-16.cpanel.site\/market\/wp-content\/plugins\/directorist\/assets\/icons\/line-awesome\/svgs\/info-circle-solid.svg)\"><\/i> You need to be logged in to view the content of this page. You can login\/sign up <a href='https:\/\/flexible-scarlet-mule.92-205-185-16.cpanel.site\/market\/account\/'> Here<\/a>.<\/div>\n            <\/div>\n                            <\/section>\n                \n<p>[\/et_pb_text][\/et_pb_column][\/et_pb_row][et_pb_row column_structure=&#8221;1_3,2_3&#8243; _builder_version=&#8221;4.27.4&#8243; _module_preset=&#8221;default&#8221; display_conditions=&#8221;W3siaWQiOiJjZWI5ZTlmZS02ZmE1LTRhYmUtOWNjMC1hMzVlZjNlMGE0MzciLCJjb25kaXRpb24iOiJ1c2VyUm9sZSIsImNvbmRpdGlvblNldHRpbmdzIjp7ImRpc3BsYXlSdWxlIjoiaXMiLCJ1c2VyUm9sZXMiOlt7ImxhYmVsIjoiYnV5ZXIiLCJ2YWx1ZSI6ImJ1eWVyIn1dLCJ1c2VySWRzIjoiVXNlciBJRHMgc2VwYXJhdGVkIGJ5IGNvbW1hcyIsImFkbWluTGFiZWwiOiJVc2VyIFJvbGUiLCJlbmFibGVDb25kaXRpb24iOiJvbiJ9LCJvcGVyYXRvciI6Ik9SIn1d&#8221; global_colors_info=&#8221;{}&#8221;][et_pb_column type=&#8221;1_3&#8243; _builder_version=&#8221;4.27.4&#8243; _module_preset=&#8221;default&#8221; global_colors_info=&#8221;{}&#8221;][et_pb_heading title=&#8221;COMPLETEAZ\u0102 DATELE COMPANIEI PE CARE VREI S\u0102 O LISTEZI!&#8221; _builder_version=&#8221;4.27.4&#8243; _module_preset=&#8221;default&#8221; title_text_color=&#8221;#FFFFFF&#8221; global_colors_info=&#8221;{}&#8221;][\/et_pb_heading][et_pb_text _builder_version=&#8221;4.27.4&#8243; _module_preset=&#8221;default&#8221; global_colors_info=&#8221;{}&#8221;]<\/p>\n<p>Vrei s\u0103 \u00ee\u021bi vinzi afacerea sau s\u0103 atragi investi\u021bii? Listeaz\u0103-\u021bi compania \u0219i acceseaz\u0103 re\u021beaua noastr\u0103 de investitori, antreprenori \u0219i cump\u0103r\u0103tori activi. Proces rapid, confiden\u021bialitate garantat\u0103, oportunit\u0103\u021bi reale.<\/p>\n<p>[\/et_pb_text][\/et_pb_column][et_pb_column type=&#8221;2_3&#8243; _builder_version=&#8221;4.27.4&#8243; _module_preset=&#8221;default&#8221; global_colors_info=&#8221;{}&#8221;][et_pb_code _builder_version=&#8221;4.27.4&#8243; _module_preset=&#8221;default&#8221; global_colors_info=&#8221;{}&#8221;]<script src=\"https:\/\/js-eu1.hsforms.net\/forms\/embed\/146557818.js\" defer><\/script><!-- [et_pb_line_break_holder] --><\/p>\n<div class=\"hs-form-frame\" data-region=\"eu1\" data-form-id=\"025d5f12-5038-4130-be20-5c6290fd5ae4\" data-portal-id=\"146557818\"><\/div>\n<p>[\/et_pb_code][\/et_pb_column][\/et_pb_row][et_pb_row column_structure=&#8221;1_2,1_2&#8243; _builder_version=&#8221;4.27.4&#8243; _module_preset=&#8221;default&#8221; display_conditions=&#8221;W3siaWQiOiIzZGU3YWViNS1jYzEzLTQ4N2MtYTNlNC1jMzY2NzEzYjFkNmUiLCJjb25kaXRpb24iOiJsb2dnZWRJblN0YXR1cyIsImNvbmRpdGlvblNldHRpbmdzIjp7ImRpc3BsYXlSdWxlIjoibG9nZ2VkT3V0IiwiYWRtaW5MYWJlbCI6IkxvZ2dlZCBJbiBTdGF0dXMiLCJlbmFibGVDb25kaXRpb24iOiJvbiJ9LCJvcGVyYXRvciI6Ik9SIn1d&#8221; global_colors_info=&#8221;{}&#8221;][et_pb_column type=&#8221;1_2&#8243; _builder_version=&#8221;4.27.4&#8243; _module_preset=&#8221;default&#8221; global_colors_info=&#8221;{}&#8221;][et_pb_heading title=&#8221;INTR\u0102 \u00ceN CONT PENTRU A LISTA O COMPANIE!&#8221; _builder_version=&#8221;4.27.4&#8243; _module_preset=&#8221;default&#8221; title_text_color=&#8221;#FFFFFF&#8221; locked=&#8221;off&#8221; global_colors_info=&#8221;{}&#8221;][\/et_pb_heading][et_pb_text _builder_version=&#8221;4.27.4&#8243; _module_preset=&#8221;default&#8221; locked=&#8221;off&#8221; global_colors_info=&#8221;{}&#8221;]<\/p>\n<p>Ai deja cont? Perfect! Autentific\u0103-te \u0219i listeaz\u0103-\u021bi compania \u00een c\u00e2teva minute. Descrie afacerea, adaug\u0103 detalii relevante \u0219i conecteaz\u0103-te cu poten\u021biali investitori sau cump\u0103r\u0103tori din \u00eentreaga \u021bar\u0103.<\/p>\n<p>[\/et_pb_text][\/et_pb_column][et_pb_column type=&#8221;1_2&#8243; _builder_version=&#8221;4.27.4&#8243; _module_preset=&#8221;default&#8221; global_colors_info=&#8221;{}&#8221;][et_pb_text _builder_version=&#8221;4.27.4&#8243; _module_preset=&#8221;default&#8221; custom_css_free_form=&#8221;.uwp-footer-link.d-inline-block,||.uwp-footer-link.float-end {||  font-size: 20px;||  line-height: 1; \/* optional: keeps it compact *\/||}||h3 {||  display: none;||}||&#8221; global_colors_info=&#8221;{}&#8221;]<\/p>\n<p><span><div class=\"uwp-login-class bsui sdel-dc2db578\" ><div class=\"uwp_page\"><div class=\"row\">\n\t<div class=\"card mx-auto container-fluid p-0 border-0\" >\n\t\t\t\t\t<div class=\"card-body\">\n\t\t\t\t<h3 class=\"card-title text-center mb-4\">Login<\/h3>\t\t\t\t<form class=\"uwp-login-form uwp_form\" method=\"post\">\n\n\t\t\t\t\t<div data-argument=\"username\" class=\"mb-3\" ><label for=\"username\" class=\"visually-hidden form-label\">Username or Email <span class=\"text-danger\">*<\/span><\/label><input type=\"text\"  name=\"username\"  id=\"username\"  placeholder=\"Username or Email *\"  title=\"Username or Email\"  required  class=\"form-control \" ><\/div><div data-argument=\"password\" class=\"mb-3 uwp-password-wrap\" ><label for=\"password\" class=\"visually-hidden form-label\">Password <span class=\"text-danger\">*<\/span><\/label><div class=\"input-group\" ><input type=\"password\"  name=\"password\"  id=\"password\"  placeholder=\"Password *\"  title=\"Password\"  required  class=\"form-control \" ><span class=\"input-group-text top-0 end-0 c-pointer px-3\" \nonclick=\"var $el = jQuery(this).find('i');$el.toggleClass('fa-eye fa-eye-slash');\nvar $eli = jQuery(this).parent().parent().find('input');\nif($el.hasClass('fa-eye'))\n{$eli.attr('type','text');}\nelse{$eli.attr('type','password');}\"\n><i class=\"far fa-fw fa-width-fixed fa-eye-slash\"><\/i><\/span><\/div><\/div><input type=\"hidden\" name=\"redirect_to\" value=\"https:\/\/flexible-scarlet-mule.92-205-185-16.cpanel.site\/market\"\/><input type=\"hidden\" name=\"uwp_login_nonce\" value=\"0afb3d83dc\" \/>\n\t\t\t\t\t<div class=\"uwp-remember-me custom-checkbox mb-3\">\n                        <div data-argument=\"remember_me\" class=\"mb-3\" ><div class=\"form-check\" ><input type=\"hidden\" name=\"remember_me\" value=\"0\" \/><input type=\"checkbox\"  name=\"remember_me\"  id=\"remember_me\"  value=\"forever\"  class=\"form-check-input c-pointer\" ><label for=\"remember_me\" class=\"form-check-label form-label\">Remember Me<\/label><\/div><\/div>\t\t\t\t\t<\/div>\n\n\t\t\t\t\t<button type=\"submit\"  name=\"uwp_login_submit\"  class=\"btn btn-primary w-100 text-uppercase uwp_login_submit\"  >Login<\/button>\n\n\t\t\t\t<\/form>\n\n                <div class=\"uwp-footer-links\">\n                    <div class=\"uwp-footer-link d-inline-block\">\n\t\t\t\t\t\t<a href=\"https:\/\/flexible-scarlet-mule.92-205-185-16.cpanel.site\/market\/register-page\/\" class=\"d-block text-center mt-2 small uwp-register-link\"  rel=\"nofollow\"  >Creaz\u0103 Cont<\/a>\n                    <\/div>\n                    <div class=\"uwp-footer-link float-end\">\n\t\t\t\t\t\t<a href=\"https:\/\/flexible-scarlet-mule.92-205-185-16.cpanel.site\/market\/forgot\/\" class=\"d-block text-center mt-2 small uwp-forgot-password-link\"  rel=\"nofollow\"  >Ai uitat parola?<\/a>\n                    <\/div>\n                <\/div>\n\n                <div class=\"mb-3 text-center mb-0 p-0\">\n\t\t\t\t\t                <\/div>\n\n\t\t\t<\/div>\n\t<\/div>\n<\/div>\n<\/div><\/div><\/span><\/p>\n<p>[\/et_pb_text][\/et_pb_column][\/et_pb_row][\/et_pb_section]<\/p>\n","protected":false},"excerpt":{"rendered":"<p>                <section class=\"directory_wrapper single_area\">\n                                <div class=\"notice_wrapper\">\n                <div class=\"directorist-alert directorist-alert-warning\"><i class=\"directorist-icon-mask\" aria-hidden=\"true\" style=\"--directorist-icon: url(https:\/\/flexible-scarlet-mule.92-205-185-16.cpanel.site\/market\/wp-content\/plugins\/directorist\/assets\/icons\/line-awesome\/svgs\/info-circle-solid.svg)\"><\/i> You need to be logged in to view the content of this page. You can login\/sign up <a href='https:\/\/flexible-scarlet-mule.92-205-185-16.cpanel.site\/market\/account\/'> Here<\/a>.<\/div>\n            <\/div>\n                            <\/section>\n                Vrei s\u0103 \u00ee\u021bi vinzi afacerea sau s\u0103 atragi investi\u021bii? Listeaz\u0103-\u021bi compania \u0219i acceseaz\u0103 re\u021beaua noastr\u0103 de investitori, antreprenori \u0219i cump\u0103r\u0103tori activi. Proces rapid, confiden\u021bialitate garantat\u0103, oportunit\u0103\u021bi reale.Ai deja cont? Perfect! Autentific\u0103-te \u0219i listeaz\u0103-\u021bi compania \u00een c\u00e2teva minute. Descrie afacerea, adaug\u0103 detalii relevante \u0219i conecteaz\u0103-te cu poten\u021biali investitori sau cump\u0103r\u0103tori din \u00eentreaga \u021bar\u0103.<div class=\"uwp-login-class bsui sdel-dc2db578\" ><div class=\"uwp_page\"><div class=\"row\">\n\t<div class=\"card mx-auto container-fluid p-0 border-0\" >\n\t\t\t\t\t<div class=\"card-body\">\n\t\t\t\t<h3 class=\"card-title text-center mb-4\">Login<\/h3>\t\t\t\t<form class=\"uwp-login-form uwp_form\" method=\"post\">\n\n\t\t\t\t\t<div data-argument=\"username\" class=\"mb-3\" ><label for=\"username\" class=\"visually-hidden form-label\">Username or Email <span class=\"text-danger\">*<\/span><\/label><input type=\"text\"  name=\"username\"  id=\"username\"  placeholder=\"Username or Email *\"  title=\"Username or Email\"  required  class=\"form-control \" ><\/div><div data-argument=\"password\" class=\"mb-3 uwp-password-wrap\" ><label for=\"password\" class=\"visually-hidden form-label\">Password <span class=\"text-danger\">*<\/span><\/label><div class=\"input-group\" ><input type=\"password\"  name=\"password\"  id=\"password\"  placeholder=\"Password *\"  title=\"Password\"  required  class=\"form-control \" ><span class=\"input-group-text top-0 end-0 c-pointer px-3\" \nonclick=\"var $el = jQuery(this).find('i');$el.toggleClass('fa-eye fa-eye-slash');\nvar $eli = jQuery(this).parent().parent().find('input');\nif($el.hasClass('fa-eye'))\n{$eli.attr('type','text');}\nelse{$eli.attr('type','password');}\"\n><i class=\"far fa-fw fa-width-fixed fa-eye-slash\"><\/i><\/span><\/div><\/div><input type=\"hidden\" name=\"redirect_to\" value=\"https:\/\/flexible-scarlet-mule.92-205-185-16.cpanel.site\/market\"\/><input type=\"hidden\" name=\"uwp_login_nonce\" value=\"0afb3d83dc\" \/>\n\t\t\t\t\t<div class=\"uwp-remember-me custom-checkbox mb-3\">\n                        <div data-argument=\"remember_me\" class=\"mb-3\" ><div class=\"form-check\" ><input type=\"hidden\" name=\"remember_me\" value=\"0\" \/><input type=\"checkbox\"  name=\"remember_me\"  id=\"remember_me\"  value=\"forever\"  class=\"form-check-input c-pointer\" ><label for=\"remember_me\" class=\"form-check-label form-label\">Remember Me<\/label><\/div><\/div>\t\t\t\t\t<\/div>\n\n\t\t\t\t\t<button type=\"submit\"  name=\"uwp_login_submit\"  class=\"btn btn-primary w-100 text-uppercase uwp_login_submit\"  >Login<\/button>\n\n\t\t\t\t<\/form>\n\n                <div class=\"uwp-footer-links\">\n                    <div class=\"uwp-footer-link d-inline-block\">\n\t\t\t\t\t\t<a href=\"https:\/\/flexible-scarlet-mule.92-205-185-16.cpanel.site\/market\/register-page\/\" class=\"d-block text-center mt-2 small uwp-register-link\"  rel=\"nofollow\"  >Creaz\u0103 Cont<\/a>\n                    <\/div>\n                    <div class=\"uwp-footer-link float-end\">\n\t\t\t\t\t\t<a href=\"https:\/\/flexible-scarlet-mule.92-205-185-16.cpanel.site\/market\/forgot\/\" class=\"d-block text-center mt-2 small uwp-forgot-password-link\"  rel=\"nofollow\"  >Ai uitat parola?<\/a>\n                    <\/div>\n                <\/div>\n\n                <div class=\"mb-3 text-center mb-0 p-0\">\n\t\t\t\t\t                <\/div>\n\n\t\t\t<\/div>\n\t<\/div>\n<\/div>\n<\/div><\/div><\/p>\n","protected":false},"author":1,"featured_media":0,"parent":0,"menu_order":0,"comment_status":"closed","ping_status":"closed","template":"","meta":{"_et_pb_use_builder":"on","_et_pb_old_content":"[directorist_add_listing]","_et_gb_content_width":"","footnotes":""},"class_list":["post-100099","page","type-page","status-publish","hentry"],"_links":{"self":[{"href":"https:\/\/flexible-scarlet-mule.92-205-185-16.cpanel.site\/market\/wp-json\/wp\/v2\/pages\/100099","targetHints":{"allow":["GET"]}}],"collection":[{"href":"https:\/\/flexible-scarlet-mule.92-205-185-16.cpanel.site\/market\/wp-json\/wp\/v2\/pages"}],"about":[{"href":"https:\/\/flexible-scarlet-mule.92-205-185-16.cpanel.site\/market\/wp-json\/wp\/v2\/types\/page"}],"author":[{"embeddable":true,"href":"https:\/\/flexible-scarlet-mule.92-205-185-16.cpanel.site\/market\/wp-json\/wp\/v2\/users\/1"}],"replies":[{"embeddable":true,"href":"https:\/\/flexible-scarlet-mule.92-205-185-16.cpanel.site\/market\/wp-json\/wp\/v2\/comments?post=100099"}],"version-history":[{"count":11,"href":"https:\/\/flexible-scarlet-mule.92-205-185-16.cpanel.site\/market\/wp-json\/wp\/v2\/pages\/100099\/revisions"}],"predecessor-version":[{"id":100688,"href":"https:\/\/flexible-scarlet-mule.92-205-185-16.cpanel.site\/market\/wp-json\/wp\/v2\/pages\/100099\/revisions\/100688"}],"wp:attachment":[{"href":"https:\/\/flexible-scarlet-mule.92-205-185-16.cpanel.site\/market\/wp-json\/wp\/v2\/media?parent=100099"}],"curies":[{"name":"wp","href":"https:\/\/api.w.org\/{rel}","templated":true}]}}