{"id":100106,"date":"2025-05-28T18:42:32","date_gmt":"2025-05-28T18:42:32","guid":{"rendered":"https:\/\/market.exit-ly.com\/sign-in\/"},"modified":"2025-10-08T20:00:56","modified_gmt":"2025-10-08T20:00:56","slug":"sign-in","status":"publish","type":"page","link":"https:\/\/flexible-scarlet-mule.92-205-185-16.cpanel.site\/market\/sign-in\/","title":{"rendered":"Sign In"},"content":{"rendered":"<p>[et_pb_section fb_built=&#8221;1&#8243; admin_label=&#8221;section&#8221; _builder_version=&#8221;4.27.4&#8243; background_color=&#8221;#161616&#8243; global_colors_info=&#8221;{}&#8221;][et_pb_row admin_label=&#8221;row&#8221; _builder_version=&#8221;4.16&#8243; background_size=&#8221;initial&#8221; background_position=&#8221;top_left&#8221; background_repeat=&#8221;repeat&#8221; global_colors_info=&#8221;{}&#8221;][et_pb_column type=&#8221;4_4&#8243; _builder_version=&#8221;4.16&#8243; custom_padding=&#8221;|||&#8221; global_colors_info=&#8221;{}&#8221; custom_padding__hover=&#8221;|||&#8221;][et_pb_heading title=&#8221;Intr\u0103 \u00een contul t\u0103u Exit-ly!&#8221; _builder_version=&#8221;4.27.4&#8243; _module_preset=&#8221;default&#8221; hover_enabled=&#8221;0&#8243; sticky_enabled=&#8221;0&#8243; title_text_color=&#8221;#FFFFFF&#8221; title_level=&#8221;h2&#8243;][\/et_pb_heading][et_pb_text admin_label=&#8221;Text&#8221; _builder_version=&#8221;4.27.4&#8243; background_size=&#8221;initial&#8221; background_position=&#8221;top_left&#8221; background_repeat=&#8221;repeat&#8221; hover_enabled=&#8221;0&#8243; custom_css_free_form=&#8221;.uwp-footer-link.d-inline-block,||.uwp-footer-link.float-end {||  font-size: 20px;||  line-height: 1; \/* optional: keeps it compact *\/||}||h3 {||  display: none;||}||&#8221; global_colors_info=&#8221;{}&#8221; sticky_enabled=&#8221;0&#8243;]<\/p>\n<p><span><div class=\"uwp-login-class bsui sdel-dc2db578\" ><div class=\"uwp_page\"><div class=\"row\">\n\t<div class=\"card mx-auto container-fluid p-0 border-0\" >\n\t\t\t\t\t<div class=\"card-body\">\n\t\t\t\t<h3 class=\"card-title text-center mb-4\">Login<\/h3>\t\t\t\t<form class=\"uwp-login-form uwp_form\" method=\"post\">\n\n\t\t\t\t\t<div data-argument=\"username\" class=\"mb-3\" ><label for=\"username\" class=\"visually-hidden form-label\">Username or Email <span class=\"text-danger\">*<\/span><\/label><input type=\"text\"  name=\"username\"  id=\"username\"  placeholder=\"Username or Email *\"  title=\"Username or Email\"  required  class=\"form-control \" ><\/div><div data-argument=\"password\" class=\"mb-3 uwp-password-wrap\" ><label for=\"password\" class=\"visually-hidden form-label\">Password <span class=\"text-danger\">*<\/span><\/label><div class=\"input-group\" ><input type=\"password\"  name=\"password\"  id=\"password\"  placeholder=\"Password *\"  title=\"Password\"  required  class=\"form-control \" ><span class=\"input-group-text top-0 end-0 c-pointer px-3\" \nonclick=\"var $el = jQuery(this).find('i');$el.toggleClass('fa-eye fa-eye-slash');\nvar $eli = jQuery(this).parent().parent().find('input');\nif($el.hasClass('fa-eye'))\n{$eli.attr('type','text');}\nelse{$eli.attr('type','password');}\"\n><i class=\"far fa-fw fa-width-fixed fa-eye-slash\"><\/i><\/span><\/div><\/div><input type=\"hidden\" name=\"redirect_to\" value=\"https:\/\/flexible-scarlet-mule.92-205-185-16.cpanel.site\/market\"\/><input type=\"hidden\" name=\"uwp_login_nonce\" value=\"0afb3d83dc\" \/>\n\t\t\t\t\t<div class=\"uwp-remember-me custom-checkbox mb-3\">\n                        <div data-argument=\"remember_me\" class=\"mb-3\" ><div class=\"form-check\" ><input type=\"hidden\" name=\"remember_me\" value=\"0\" \/><input type=\"checkbox\"  name=\"remember_me\"  id=\"remember_me\"  value=\"forever\"  class=\"form-check-input c-pointer\" ><label for=\"remember_me\" class=\"form-check-label form-label\">Remember Me<\/label><\/div><\/div>\t\t\t\t\t<\/div>\n\n\t\t\t\t\t<button type=\"submit\"  name=\"uwp_login_submit\"  class=\"btn btn-primary w-100 text-uppercase uwp_login_submit\"  >Login<\/button>\n\n\t\t\t\t<\/form>\n\n                <div class=\"uwp-footer-links\">\n                    <div class=\"uwp-footer-link d-inline-block\">\n\t\t\t\t\t\t<a href=\"https:\/\/flexible-scarlet-mule.92-205-185-16.cpanel.site\/market\/register-page\/\" class=\"d-block text-center mt-2 small uwp-register-link\"  rel=\"nofollow\"  >Creaz\u0103 Cont<\/a>\n                    <\/div>\n                    <div class=\"uwp-footer-link float-end\">\n\t\t\t\t\t\t<a href=\"https:\/\/flexible-scarlet-mule.92-205-185-16.cpanel.site\/market\/forgot\/\" class=\"d-block text-center mt-2 small uwp-forgot-password-link\"  rel=\"nofollow\"  >Ai uitat parola?<\/a>\n                    <\/div>\n                <\/div>\n\n                <div class=\"mb-3 text-center mb-0 p-0\">\n\t\t\t\t\t                <\/div>\n\n\t\t\t<\/div>\n\t<\/div>\n<\/div>\n<\/div><\/div><\/span><\/p>\n<p>[\/et_pb_text][\/et_pb_column][\/et_pb_row][\/et_pb_section]<\/p>\n","protected":false},"excerpt":{"rendered":"<div class=\"uwp-login-class bsui sdel-dc2db578\" ><div class=\"uwp_page\"><div class=\"row\">\n\t<div class=\"card mx-auto container-fluid p-0 border-0\" >\n\t\t\t\t\t<div class=\"card-body\">\n\t\t\t\t<h3 class=\"card-title text-center mb-4\">Login<\/h3>\t\t\t\t<form class=\"uwp-login-form uwp_form\" method=\"post\">\n\n\t\t\t\t\t<div data-argument=\"username\" class=\"mb-3\" ><label for=\"username\" class=\"visually-hidden form-label\">Username or Email <span class=\"text-danger\">*<\/span><\/label><input type=\"text\"  name=\"username\"  id=\"username\"  placeholder=\"Username or Email *\"  title=\"Username or Email\"  required  class=\"form-control \" ><\/div><div data-argument=\"password\" class=\"mb-3 uwp-password-wrap\" ><label for=\"password\" class=\"visually-hidden form-label\">Password <span class=\"text-danger\">*<\/span><\/label><div class=\"input-group\" ><input type=\"password\"  name=\"password\"  id=\"password\"  placeholder=\"Password *\"  title=\"Password\"  required  class=\"form-control \" ><span class=\"input-group-text top-0 end-0 c-pointer px-3\" \nonclick=\"var $el = jQuery(this).find('i');$el.toggleClass('fa-eye fa-eye-slash');\nvar $eli = jQuery(this).parent().parent().find('input');\nif($el.hasClass('fa-eye'))\n{$eli.attr('type','text');}\nelse{$eli.attr('type','password');}\"\n><i class=\"far fa-fw fa-width-fixed fa-eye-slash\"><\/i><\/span><\/div><\/div><input type=\"hidden\" name=\"redirect_to\" value=\"https:\/\/flexible-scarlet-mule.92-205-185-16.cpanel.site\/market\"\/><input type=\"hidden\" name=\"uwp_login_nonce\" value=\"0afb3d83dc\" \/>\n\t\t\t\t\t<div class=\"uwp-remember-me custom-checkbox mb-3\">\n                        <div data-argument=\"remember_me\" class=\"mb-3\" ><div class=\"form-check\" ><input type=\"hidden\" name=\"remember_me\" value=\"0\" \/><input type=\"checkbox\"  name=\"remember_me\"  id=\"remember_me\"  value=\"forever\"  class=\"form-check-input c-pointer\" ><label for=\"remember_me\" class=\"form-check-label form-label\">Remember Me<\/label><\/div><\/div>\t\t\t\t\t<\/div>\n\n\t\t\t\t\t<button type=\"submit\"  name=\"uwp_login_submit\"  class=\"btn btn-primary w-100 text-uppercase uwp_login_submit\"  >Login<\/button>\n\n\t\t\t\t<\/form>\n\n                <div class=\"uwp-footer-links\">\n                    <div class=\"uwp-footer-link d-inline-block\">\n\t\t\t\t\t\t<a href=\"https:\/\/flexible-scarlet-mule.92-205-185-16.cpanel.site\/market\/register-page\/\" class=\"d-block text-center mt-2 small uwp-register-link\"  rel=\"nofollow\"  >Creaz\u0103 Cont<\/a>\n                    <\/div>\n                    <div class=\"uwp-footer-link float-end\">\n\t\t\t\t\t\t<a href=\"https:\/\/flexible-scarlet-mule.92-205-185-16.cpanel.site\/market\/forgot\/\" class=\"d-block text-center mt-2 small uwp-forgot-password-link\"  rel=\"nofollow\"  >Ai uitat parola?<\/a>\n                    <\/div>\n                <\/div>\n\n                <div class=\"mb-3 text-center mb-0 p-0\">\n\t\t\t\t\t                <\/div>\n\n\t\t\t<\/div>\n\t<\/div>\n<\/div>\n<\/div><\/div>\n","protected":false},"author":1,"featured_media":0,"parent":0,"menu_order":0,"comment_status":"closed","ping_status":"closed","template":"","meta":{"_et_pb_use_builder":"on","_et_pb_old_content":"[directorist_signin_signup]","_et_gb_content_width":"","footnotes":""},"class_list":["post-100106","page","type-page","status-publish","hentry"],"_links":{"self":[{"href":"https:\/\/flexible-scarlet-mule.92-205-185-16.cpanel.site\/market\/wp-json\/wp\/v2\/pages\/100106","targetHints":{"allow":["GET"]}}],"collection":[{"href":"https:\/\/flexible-scarlet-mule.92-205-185-16.cpanel.site\/market\/wp-json\/wp\/v2\/pages"}],"about":[{"href":"https:\/\/flexible-scarlet-mule.92-205-185-16.cpanel.site\/market\/wp-json\/wp\/v2\/types\/page"}],"author":[{"embeddable":true,"href":"https:\/\/flexible-scarlet-mule.92-205-185-16.cpanel.site\/market\/wp-json\/wp\/v2\/users\/1"}],"replies":[{"embeddable":true,"href":"https:\/\/flexible-scarlet-mule.92-205-185-16.cpanel.site\/market\/wp-json\/wp\/v2\/comments?post=100106"}],"version-history":[{"count":8,"href":"https:\/\/flexible-scarlet-mule.92-205-185-16.cpanel.site\/market\/wp-json\/wp\/v2\/pages\/100106\/revisions"}],"predecessor-version":[{"id":100685,"href":"https:\/\/flexible-scarlet-mule.92-205-185-16.cpanel.site\/market\/wp-json\/wp\/v2\/pages\/100106\/revisions\/100685"}],"wp:attachment":[{"href":"https:\/\/flexible-scarlet-mule.92-205-185-16.cpanel.site\/market\/wp-json\/wp\/v2\/media?parent=100106"}],"curies":[{"name":"wp","href":"https:\/\/api.w.org\/{rel}","templated":true}]}}